{"id":62,"date":"2025-01-21T04:34:22","date_gmt":"2025-01-21T04:34:22","guid":{"rendered":"https:\/\/hmradiofuego.com\/portal\/home\/"},"modified":"2026-02-26T02:40:52","modified_gmt":"2026-02-26T02:40:52","slug":"home","status":"publish","type":"page","link":"https:\/\/yacuradiofm.com\/portal\/","title":{"rendered":"Inicio"},"content":{"rendered":"<p>[et_pb_section fb_built=\u00bb1&#8243; _builder_version=\u00bb4.11.1&#8243; _module_preset=\u00bbdefault\u00bb background_color=\u00bb#000000&#8243; background_image=\u00bbhttps:\/\/yacuradiofm.com\/portal\/wp-content\/uploads\/2025\/02\/micro2-scaled.jpg\u00bb background_blend=\u00bbexclusion\u00bb custom_padding=\u00bb206px||200px|||\u00bb global_colors_info=\u00bb{}\u00bb][et_pb_row column_structure=\u00bb1_2,1_2&#8243; _builder_version=\u00bb4.11.1&#8243; _module_preset=\u00bbdefault\u00bb custom_padding=\u00bb0px|||||\u00bb global_colors_info=\u00bb{}\u00bb][et_pb_column type=\u00bb1_2&#8243; _builder_version=\u00bb4.11.1&#8243; _module_preset=\u00bbdefault\u00bb global_colors_info=\u00bb{}\u00bb][et_pb_text _builder_version=\u00bb4.11.1&#8243; _module_preset=\u00bbdefault\u00bb text_font=\u00bb||||||||\u00bb text_text_color=\u00bb#EDF000&#8243; text_font_size=\u00bb34px\u00bb text_line_height=\u00bb1.5em\u00bb custom_margin=\u00bb||-1px|||\u00bb custom_padding=\u00bb|17px||||\u00bb text_text_shadow_style=\u00bbpreset1&#8243; text_text_shadow_horizontal_length=\u00bb0.09em\u00bb global_colors_info=\u00bb{}\u00bb]<\/p>\n<p><span style=\"color: #ffffff;\"><strong>La mejor radio<\/strong><\/span><span style=\"color: #ffffff;\"><strong> del pa\u00eds, YACU RADIO 98.9 FM<\/strong><\/span><\/p>\n<p>[\/et_pb_text][et_pb_text _builder_version=\u00bb4.11.1&#8243; _module_preset=\u00bbdefault\u00bb text_text_color=\u00bb#FFFFFF\u00bb text_font_size=\u00bb17px\u00bb custom_margin=\u00bb6px||24px|||\u00bb custom_padding=\u00bb|84px||||\u00bb text_text_shadow_style=\u00bbpreset5&#8243; global_colors_info=\u00bb{}\u00bb]<\/p>\n<p><span>Empresa radial que hace compa\u00f1\u00eda a la familia ecuatoriana y el mundo con buena m\u00fasica las 24H00.<\/span><\/p>\n<p>[\/et_pb_text][et_pb_image src=\u00bbhttps:\/\/yacuradiofm.com\/portal\/wp-content\/uploads\/2025\/01\/google1.webp\u00bb title_text=\u00bbgoogle1&#8243; url=\u00bbhttps:\/\/play.google.com\/store\/apps\/details?id=com.asiserver.yacuradio\u00bb url_new_window=\u00bbon\u00bb _builder_version=\u00bb4.11.1&#8243; _module_preset=\u00bbdefault\u00bb width=\u00bb45%\u00bb custom_margin=\u00bb||3px|||\u00bb custom_padding=\u00bb0px||0px|||\u00bb animation_style=\u00bbbounce\u00bb global_colors_info=\u00bb{}\u00bb src__hover_enabled=\u00bbon|desktop\u00bb][\/et_pb_image][et_pb_image src=\u00bbhttps:\/\/yacuradiofm.com\/portal\/wp-content\/uploads\/2025\/01\/apple2.webp\u00bb title_text=\u00bbapple2&#8243; url=\u00bbhttps:\/\/apps.apple.com\/ec\/app\/yacu-radio-98-9-fm\/id6673881622&#8243; url_new_window=\u00bbon\u00bb _builder_version=\u00bb4.11.1&#8243; _module_preset=\u00bbdefault\u00bb width=\u00bb45%\u00bb animation_style=\u00bbbounce\u00bb global_colors_info=\u00bb{}\u00bb][\/et_pb_image][\/et_pb_column][et_pb_column type=\u00bb1_2&#8243; _builder_version=\u00bb4.11.1&#8243; _module_preset=\u00bbdefault\u00bb global_colors_info=\u00bb{}\u00bb][\/et_pb_column][\/et_pb_row][\/et_pb_section][et_pb_section fb_built=\u00bb1&#8243; _builder_version=\u00bb4.11.1&#8243; _module_preset=\u00bbdefault\u00bb background_enable_color=\u00bboff\u00bb use_background_color_gradient=\u00bbon\u00bb background_color_gradient_start=\u00bb#000000&#8243; background_color_gradient_end=\u00bb#3f0208&#8243; min_height=\u00bb541.1px\u00bb custom_padding=\u00bb111px|||||\u00bb global_colors_info=\u00bb{}\u00bb][et_pb_row column_structure=\u00bb1_2,1_2&#8243; _builder_version=\u00bb4.11.1&#8243; _module_preset=\u00bbdefault\u00bb min_height=\u00bb344.1px\u00bb custom_padding=\u00bb15px|||||\u00bb global_colors_info=\u00bb{}\u00bb][et_pb_column type=\u00bb1_2&#8243; _builder_version=\u00bb4.11.1&#8243; _module_preset=\u00bbdefault\u00bb global_colors_info=\u00bb{}\u00bb][et_pb_code _builder_version=\u00bb4.11.1&#8243; _module_preset=\u00bbdefault\u00bb width=\u00bb100%\u00bb max_height=\u00bb1000px\u00bb global_colors_info=\u00bb{}\u00bb]<iframe <!-- [et_pb_line_break_holder] -->    width=\u00bb400&#8243; <!-- [et_pb_line_break_holder] -->    height=\u00bb315&#8243; <!-- [et_pb_line_break_holder] -->    src=\u00bbhttps:\/\/www.youtube.com\/embed\/cI4VG58Xs9Q?rel=0&#038;autoplay=1&#038;mute=1&#038;loop=1&#038;playlist=cI4VG58Xs9Q&#038;controls=0&#038;modestbranding=1&#8243; <!-- [et_pb_line_break_holder] -->    title=\u00bbYouTube video player\u00bb <!-- [et_pb_line_break_holder] -->    frameborder=\u00bb0&#8243; <!-- [et_pb_line_break_holder] -->    allow=\u00bbaccelerometer; autoplay; clipboard-write; encrypted-media; gyroscope; picture-in-picture; web-share\u00bb <!-- [et_pb_line_break_holder] -->    referrerpolicy=\u00bbstrict-origin-when-cross-origin\u00bb <!-- [et_pb_line_break_holder] -->    allowfullscreen><!-- [et_pb_line_break_holder] --><\/iframe><!-- [et_pb_line_break_holder] -->[\/et_pb_code][et_pb_code _builder_version=\u00bb4.11.1&#8243; _module_preset=\u00bbdefault\u00bb global_colors_info=\u00bb{}\u00bb][\/et_pb_code][\/et_pb_column][et_pb_column type=\u00bb1_2&#8243; _builder_version=\u00bb4.11.1&#8243; _module_preset=\u00bbdefault\u00bb global_colors_info=\u00bb{}\u00bb][et_pb_text _builder_version=\u00bb4.11.1&#8243; _module_preset=\u00bbdefault\u00bb text_text_color=\u00bb#FFFFFF\u00bb text_font_size=\u00bb16px\u00bb text_letter_spacing=\u00bb1px\u00bb text_orientation=\u00bbjustified\u00bb custom_margin=\u00bb57px|||||\u00bb text_text_shadow_style=\u00bbpreset1&#8243; global_colors_info=\u00bb{}\u00bb]<\/p>\n<p><strong>\u00a1Sintoniza Yacu Radio 98.9 FM!<\/strong> La estaci\u00f3n que te llena de energ\u00eda con la mejor m\u00fasica, informaci\u00f3n actual y entretenimiento para todos.<\/p>\n<p>Descubre una programaci\u00f3n din\u00e1mica con entrevistas, noticias y los grandes \u00e9xitos que hacen de cada d\u00eda una experiencia \u00fanica. \u00a1Con\u00e9ctate y vive la radio como nunca antes!<\/p>\n<p>[\/et_pb_text][et_pb_button button_url=\u00bbhttps:\/\/www.facebook.com\/valientesysalvajes\u00bb button_text=\u00bb\ud83d\udd34En vivo\u00bb _builder_version=\u00bb4.11.1&#8243; _module_preset=\u00bbdefault\u00bb custom_margin=\u00bb49px|||||\u00bb global_colors_info=\u00bb{}\u00bb][\/et_pb_button][\/et_pb_column][\/et_pb_row][\/et_pb_section][et_pb_section fb_built=\u00bb1&#8243; admin_label=\u00bbsection\u00bb _builder_version=\u00bb4.11.1&#8243; background_enable_image=\u00bboff\u00bb background_repeat=\u00bbrepeat\u00bb custom_margin=\u00bb||-7px|||\u00bb custom_padding=\u00bb||3px|||\u00bb top_divider_style=\u00bbmountains\u00bb top_divider_color=\u00bb#3F0208&#8243; top_divider_height=\u00bb80px\u00bb top_divider_repeat=\u00bb1x\u00bb global_colors_info=\u00bb{}\u00bb][et_pb_row _builder_version=\u00bb4.11.1&#8243; _module_preset=\u00bbdefault\u00bb global_colors_info=\u00bb{}\u00bb][et_pb_column type=\u00bb4_4&#8243; _builder_version=\u00bb4.11.1&#8243; _module_preset=\u00bbdefault\u00bb global_colors_info=\u00bb{}\u00bb][et_pb_image src=\u00bbhttps:\/\/yacuradiofm.com\/portal\/wp-content\/uploads\/2025\/01\/471419505_1013886947424044_3137209848186393724_n.jpg\u00bb title_text=\u00bb471419505_1013886947424044_3137209848186393724_n\u00bb align=\u00bbcenter\u00bb _builder_version=\u00bb4.11.1&#8243; _module_preset=\u00bbdefault\u00bb width=\u00bb60%\u00bb custom_padding=\u00bb39px|||||\u00bb global_colors_info=\u00bb{}\u00bb][\/et_pb_image][\/et_pb_column][\/et_pb_row][\/et_pb_section][et_pb_section fb_built=\u00bb1&#8243; _builder_version=\u00bb4.11.1&#8243; _module_preset=\u00bbdefault\u00bb custom_padding=\u00bb0px|||||\u00bb global_colors_info=\u00bb{}\u00bb][\/et_pb_section][et_pb_section fb_built=\u00bb1&#8243; _builder_version=\u00bb4.11.1&#8243; _module_preset=\u00bbdefault\u00bb min_height=\u00bb121px\u00bb custom_margin=\u00bb-76px|||||\u00bb custom_padding=\u00bb0px|||||\u00bb global_colors_info=\u00bb{}\u00bb][et_pb_row _builder_version=\u00bb4.11.1&#8243; _module_preset=\u00bbdefault\u00bb min_height=\u00bb145px\u00bb custom_padding=\u00bb||30px|||\u00bb global_colors_info=\u00bb{}\u00bb][et_pb_column type=\u00bb4_4&#8243; _builder_version=\u00bb4.11.1&#8243; _module_preset=\u00bbdefault\u00bb global_colors_info=\u00bb{}\u00bb][et_pb_code _builder_version=\u00bb4.11.1&#8243; _module_preset=\u00bbdefault\u00bb custom_margin=\u00bb10px||-16px|||\u00bb custom_css_main_element=\u00bb.schedule-section {||  text-align: center;||  margin: 20px 0;||}||||.schedule-title span {||  display: inline-block;||  background: red;||  color: white;||  padding: 5px 15px;||  font-weight: bold;||  text-transform: uppercase;||  border-radius: 5px;||}||||.schedule-tabs {||  display: flex;||  justify-content: center;||  margin: 20px 0;||}||||.tab {||  background: #f5f5f5;||  border: 1px solid #ddd;||  color: #333;||  padding: 10px 20px;||  margin: 0 5px;||  border-radius: 5px;||  cursor: pointer;||  font-weight: bold;||  text-transform: uppercase;||}||||.tab:hover {||  background: #ddd;||}||||.tab.active {||  background: #0033cc;||  color: white;||}||||.tab-content {||  margin-top: 20px;||}||||.day-content {||  display: none;||}||||.day-content.active {||  display: block;||}||\u00bb global_colors_info=\u00bb{}\u00bb]<\/p>\n<div class=\"schedule-section\"><!-- [et_pb_line_break_holder] -->  <\/p>\n<h2 class=\"schedule-title\"><!-- [et_pb_line_break_holder] -->    <span>Saludos en vivo<\/span><!-- [et_pb_line_break_holder] -->  <\/h2>\n<p><!-- [et_pb_line_break_holder] --><!-- [et_pb_line_break_holder] --><\/div>\n<p><!-- [et_pb_line_break_holder] --><!-- [et_pb_line_break_holder] -->[\/et_pb_code][\/et_pb_column][\/et_pb_row][\/et_pb_section][et_pb_section fb_built=\u00bb1&#8243; prev_background_color=\u00bb#ffffff\u00bb next_background_color=\u00bb#ffffff\u00bb _builder_version=\u00bb4.11.1&#8243; _module_preset=\u00bbdefault\u00bb use_background_color_gradient=\u00bbon\u00bb background_color_gradient_start=\u00bb#000000&#8243; background_color_gradient_end=\u00bb#720410&#8243; background_enable_image=\u00bboff\u00bb min_height=\u00bb1224.8px\u00bb custom_margin=\u00bb-184px|||||\u00bb custom_padding=\u00bb93px|||||\u00bb top_divider_style=\u00bbarrow3&#8243; bottom_divider_style=\u00bbmountains2&#8243; global_colors_info=\u00bb{}\u00bb][et_pb_row _builder_version=\u00bb4.11.1&#8243; _module_preset=\u00bbdefault\u00bb custom_padding=\u00bb58px||69px|||\u00bb global_colors_info=\u00bb{}\u00bb][et_pb_column type=\u00bb4_4&#8243; _builder_version=\u00bb4.11.1&#8243; _module_preset=\u00bbdefault\u00bb global_colors_info=\u00bb{}\u00bb][et_pb_code _builder_version=\u00bb4.11.1&#8243; _module_preset=\u00bbdefault\u00bb custom_css_main_element=\u00bb.fb-comments-container {||  display: flex;||  justify-content: center;||  align-items: center;||  margin: 20px auto; \/* Margen superior e inferior *\/||  padding: 20px;||  background-color: white; \/* Fondo blanco *\/||  border: 2px solid #ddd; \/* Borde gris claro *\/||  border-radius: 10px; \/* Bordes redondeados *\/||  box-shadow: 0 4px 6px rgba(0, 0, 0, 0.1); \/* Sombra suave *\/||  max-width: 800px; \/* Ancho m\u00e1ximo *\/||}||||.fb-comments-container .fb-comments {||  width: 100%; \/* Aseg\u00farate de que el componente ocupe el contenedor *\/||}||\u00bb global_colors_info=\u00bb{}\u00bb]<\/p>\n<div id=\"fb-root\"><\/div>\n<p><!-- [et_pb_line_break_holder] --><script async defer crossorigin=\"anonymous\" src=\"https:\/\/connect.facebook.net\/es_ES\/sdk.js#xfbml=1&#038;version=v22.0\"><\/script><!-- [et_pb_line_break_holder] --><!-- [et_pb_line_break_holder] --><\/p>\n<div class=\"fb-comments-container\"><!-- [et_pb_line_break_holder] -->  <\/p>\n<div id=\"fb-root\"><\/div>\n<p><!-- [et_pb_line_break_holder] -->  <script async defer crossorigin=\"anonymous\" src=\"https:\/\/connect.facebook.net\/es_ES\/sdk.js#xfbml=1&#038;version=v22.0\"><\/script><!-- [et_pb_line_break_holder] -->  <\/p>\n<div class=\"fb-comments\" data-href=\"https:\/\/www.facebook.com\/Yacunoticias98.9FM\" data-width=\"\" data-numposts=\"5\"><\/div>\n<p><!-- [et_pb_line_break_holder] --><\/div>\n<p><!-- [et_pb_line_break_holder] -->[\/et_pb_code][et_pb_text _builder_version=\u00bb4.11.1&#8243; _module_preset=\u00bbdefault\u00bb text_orientation=\u00bbcenter\u00bb global_colors_info=\u00bb{}\u00bb]<iframe src=\"https:\/\/www.google.com\/maps\/embed?pb=!1m18!1m12!1m3!1d995.4480956734615!2d-78.92637462487659!3d-3.6348106359286927!2m3!1f0!2f0!3f0!3m2!1i1024!2i768!4f13.1!3m3!1m2!1s0x91cc9d0ff4837507%3A0x5007f2addf564bf5!2sIglesia%20Cat%C3%B3lica%20San%20Jos%C3%A9%20%7C%20Yacuambi!5e0!3m2!1ses!2sec!4v1738601398105!5m2!1ses!2sec\" width=\"800\" height=\"550\" style=\"border:0;\" allowfullscreen=\"\" loading=\"lazy\" referrerpolicy=\"no-referrer-when-downgrade\"><\/iframe>[\/et_pb_text][\/et_pb_column][\/et_pb_row][\/et_pb_section][et_pb_section fb_built=\u00bb1&#8243; _builder_version=\u00bb4.11.1&#8243; _module_preset=\u00bbdefault\u00bb min_height=\u00bb346px\u00bb hover_enabled=\u00bb0&#8243; global_colors_info=\u00bb{}\u00bb sticky_enabled=\u00bb0&#8243;][et_pb_row column_structure=\u00bb1_2,1_2&#8243; _builder_version=\u00bb4.11.1&#8243; _module_preset=\u00bbdefault\u00bb global_colors_info=\u00bb{}\u00bb][et_pb_column type=\u00bb1_2&#8243; _builder_version=\u00bb4.11.1&#8243; _module_preset=\u00bbdefault\u00bb global_colors_info=\u00bb{}\u00bb][et_pb_text _builder_version=\u00bb4.11.1&#8243; _module_preset=\u00bbdefault\u00bb text_font=\u00bb|700||on|||||\u00bb text_text_color=\u00bb#000000&#8243; text_font_size=\u00bb35px\u00bb text_letter_spacing=\u00bb2px\u00bb text_line_height=\u00bb1.8em\u00bb custom_padding=\u00bb55px|||||\u00bb hover_enabled=\u00bb0&#8243; text_text_shadow_style=\u00bbpreset3&#8243; global_colors_info=\u00bb{}\u00bb sticky_enabled=\u00bb0&#8243;]<\/p>\n<p>Nuestras redes:<\/p>\n<p>[\/et_pb_text][\/et_pb_column][et_pb_column type=\u00bb1_2&#8243; _builder_version=\u00bb4.11.1&#8243; _module_preset=\u00bbdefault\u00bb global_colors_info=\u00bb{}\u00bb][et_pb_code _builder_version=\u00bb4.11.1&#8243; _module_preset=\u00bbdefault\u00bb global_colors_info=\u00bb{}\u00bb]<\/p>\n<style><!-- [et_pb_line_break_holder] -->  .container {<!-- [et_pb_line_break_holder] -->    background: white;<!-- [et_pb_line_break_holder] -->    padding: 10px 20px; <!-- [et_pb_line_break_holder] -->    border-radius: 10px;<!-- [et_pb_line_break_holder] -->    box-shadow: 0 4px 6px rgba(0, 0, 0, 0.1);<!-- [et_pb_line_break_holder] -->    text-align: center;<!-- [et_pb_line_break_holder] -->    animation: bounce 1.5s infinite;<!-- [et_pb_line_break_holder] -->    display: inline-block; <!-- [et_pb_line_break_holder] -->  }<!-- [et_pb_line_break_holder] --><!-- [et_pb_line_break_holder] -->  .container p {<!-- [et_pb_line_break_holder] -->    font-size: 2rem;<!-- [et_pb_line_break_holder] -->    color: black;<!-- [et_pb_line_break_holder] -->    margin: 0; <!-- [et_pb_line_break_holder] -->    line-height: 1.2; <!-- [et_pb_line_break_holder] -->    font-weight: bold;<!-- [et_pb_line_break_holder] -->  }<!-- [et_pb_line_break_holder] --><!-- [et_pb_line_break_holder] -->  #visitCount {<!-- [et_pb_line_break_holder] -->    color: #ff5770;<!-- [et_pb_line_break_holder] -->    font-weight: bold;<!-- [et_pb_line_break_holder] -->  }<!-- [et_pb_line_break_holder] --><!-- [et_pb_line_break_holder] -->  @keyframes bounce {<!-- [et_pb_line_break_holder] -->    10%, 100% {<!-- [et_pb_line_break_holder] -->      transform: translateY(0);<!-- [et_pb_line_break_holder] -->    }<!-- [et_pb_line_break_holder] -->    50% {<!-- [et_pb_line_break_holder] -->      transform: translateY(-5px); <!-- [et_pb_line_break_holder] -->    }<!-- [et_pb_line_break_holder] -->  }<!-- [et_pb_line_break_holder] --><\/style>\n<p><!-- [et_pb_line_break_holder] --><!-- [et_pb_line_break_holder] --><\/p>\n<div class=\"container\"><!-- [et_pb_line_break_holder] -->  <pee><!-- [et_pb_line_break_holder] -->    Visitas: <span id=\"visitCount\">1,732,843<\/span><!-- [et_pb_line_break_holder] -->  <\/pee><!-- [et_pb_line_break_holder] --><\/div>\n<p><!-- [et_pb_line_break_holder] -->[\/et_pb_code][\/et_pb_column][\/et_pb_row][et_pb_row _builder_version=\u00bb4.11.1&#8243; _module_preset=\u00bbdefault\u00bb global_colors_info=\u00bb{}\u00bb][et_pb_column type=\u00bb4_4&#8243; _builder_version=\u00bb4.11.1&#8243; _module_preset=\u00bbdefault\u00bb global_colors_info=\u00bb{}\u00bb][et_pb_code _builder_version=\u00bb4.11.1&#8243; _module_preset=\u00bbdefault\u00bb global_colors_info=\u00bb{}\u00bb] <div class=\"sfsi_widget sfsi_shortcode_container\"><div class=\"norm_row sfsi_wDiv \"  style=\"width:225px;text-align:left;\"><div style='width:40px; height:40px;margin-left:5px;margin-bottom:5px; ' class='sfsi_wicons shuffeldiv ' ><div class='inerCnt'><a class=' sficn' data-effect='' target='_blank' rel='noopener'  href='https:\/\/www.facebook.com\/share\/1G9kPTqFh2\/?mibextid=wwXIfr' id='sfsiid_facebook_icon' style='width:40px;height:40px;opacity:1;'  ><img data-pin-nopin='true' alt='Facebook' title='Facebook' src='https:\/\/yacuradiofm.com\/portal\/wp-content\/plugins\/ultimate-social-media-icons\/images\/icons_theme\/default\/default_facebook.png' width='40' height='40' style='' class='sfcm sfsi_wicon ' data-effect=''   \/><\/a><\/div><\/div><div style='width:40px; height:40px;margin-left:5px;margin-bottom:5px; ' class='sfsi_wicons shuffeldiv ' ><div class='inerCnt'><a class=' sficn' data-effect='' target='_blank' rel='noopener'  href='https:\/\/x.com\/' id='sfsiid_twitter_icon' style='width:40px;height:40px;opacity:1;'  ><img data-pin-nopin='true' alt='X (Twitter)' title='X (Twitter)' src='https:\/\/yacuradiofm.com\/portal\/wp-content\/plugins\/ultimate-social-media-icons\/images\/icons_theme\/default\/default_twitter.png' width='40' height='40' style='' class='sfcm sfsi_wicon ' data-effect=''   \/><\/a><\/div><\/div><div style='width:40px; height:40px;margin-left:5px;margin-bottom:5px; ' class='sfsi_wicons shuffeldiv ' ><div class='inerCnt'><a class=' sficn' data-effect='' target='_blank' rel='noopener'  href='https:\/\/www.instagram.com\/' id='sfsiid_instagram_icon' style='width:40px;height:40px;opacity:1;'  ><img data-pin-nopin='true' alt='Instagram' title='Instagram' src='https:\/\/yacuradiofm.com\/portal\/wp-content\/plugins\/ultimate-social-media-icons\/images\/icons_theme\/default\/default_instagram.png' width='40' height='40' style='' class='sfcm sfsi_wicon ' data-effect=''   \/><\/a><\/div><\/div><div style='width:40px; height:40px;margin-left:5px;margin-bottom:5px; ' class='sfsi_wicons shuffeldiv ' ><div class='inerCnt'><a class=' sficn' data-effect='' target='_blank' rel='noopener'  href='https:\/\/www.tiktok.com\/@yacu.radio.98.9.f?_t=ZM-8tTW3kbL0M9&#038;_r=1' id='sfsiid_tiktok_icon' style='width:40px;height:40px;opacity:1;'  ><img data-pin-nopin='true' alt='Tiktok' title='Tiktok' src='https:\/\/yacuradiofm.com\/portal\/wp-content\/plugins\/ultimate-social-media-icons\/images\/icons_theme\/default\/default_tiktok.png' width='40' height='40' style='' class='sfcm sfsi_wicon ' data-effect=''   \/><\/a><\/div><\/div><\/div ><div id=\"sfsi_holder\" class=\"sfsi_holders\" style=\"position: relative; float: left;width:100%;z-index:-1;\"><\/div ><script>window.addEventListener(\"sfsi_functions_loaded\", function()\n\t\t\t{\n\t\t\t\tif (typeof sfsi_widget_set == \"function\") {\n\t\t\t\t\tsfsi_widget_set();\n\t\t\t\t}\n\t\t\t}); <\/script><div style=\"clear: both;\"><\/div><\/div>[\/et_pb_code][\/et_pb_column][\/et_pb_row][\/et_pb_section][et_pb_section fb_built=\u00bb1&#8243; _builder_version=\u00bb4.11.1&#8243; _module_preset=\u00bbdefault\u00bb min_height=\u00bb327.6px\u00bb custom_margin=\u00bb-61px|||||\u00bb custom_padding=\u00bb||26px|||\u00bb global_colors_info=\u00bb{}\u00bb][et_pb_row column_structure=\u00bb1_3,1_3,1_3&#8243; _builder_version=\u00bb4.11.1&#8243; _module_preset=\u00bbdefault\u00bb min_height=\u00bb293.6px\u00bb global_colors_info=\u00bb{}\u00bb][et_pb_column type=\u00bb1_3&#8243; _builder_version=\u00bb4.11.1&#8243; _module_preset=\u00bbdefault\u00bb global_colors_info=\u00bb{}\u00bb][et_pb_text _builder_version=\u00bb4.11.1&#8243; _module_preset=\u00bbdefault\u00bb text_font_size=\u00bb19px\u00bb width=\u00bb100%\u00bb global_colors_info=\u00bb{}\u00bb]<\/p>\n<p style=\"text-align: center;\">\ud83d\udccc10 de Marzo diagonal al templo San Jos\u00e9 de\u00a0Yacuambi.<\/p>\n<p style=\"text-align: center;\"><strong>\u2709\ufe0fCorreos<\/strong><\/p>\n<p style=\"text-align: center;\">yacumedios@gmail.com<\/p>\n<p style=\"text-align: center;\">angelgualan2017@hotmail.com<\/p>\n<p style=\"text-align: center;\">[\/et_pb_text][\/et_pb_column][et_pb_column type=\u00bb1_3&#8243; _builder_version=\u00bb4.11.1&#8243; _module_preset=\u00bbdefault\u00bb global_colors_info=\u00bb{}\u00bb][et_pb_image src=\u00bbhttps:\/\/yacuradiofm.com\/portal\/wp-content\/uploads\/2025\/01\/yacu-logo-3-Photoroom.png\u00bb title_text=\u00bbyacu-logo-3-Photoroom\u00bb align=\u00bbcenter\u00bb _builder_version=\u00bb4.11.1&#8243; _module_preset=\u00bbdefault\u00bb global_colors_info=\u00bb{}\u00bb][\/et_pb_image][et_pb_text _builder_version=\u00bb4.11.1&#8243; _module_preset=\u00bbdefault\u00bb text_font_size=\u00bb20px\u00bb positioning=\u00bbabsolute\u00bb position_origin_a=\u00bbtop_center\u00bb position_origin_r=\u00bbbottom_left\u00bb vertical_offset=\u00bb279px\u00bb text_orientation=\u00bbcenter\u00bb width=\u00bb100%\u00bb custom_padding=\u00bb3px|||||\u00bb link_option_url=\u00bbwww.compuwebecuador.com\u00bb link_option_url_new_window=\u00bbon\u00bb global_colors_info=\u00bb{}\u00bb]<\/p>\n<p><strong>Desarrollado por <\/strong><span style=\"color: #ce2525;\"><strong>Compuweb Ecuador<\/strong><\/span><\/p>\n<p>[\/et_pb_text][\/et_pb_column][et_pb_column type=\u00bb1_3&#8243; _builder_version=\u00bb4.11.1&#8243; _module_preset=\u00bbdefault\u00bb global_colors_info=\u00bb{}\u00bb][et_pb_text _builder_version=\u00bb4.11.1&#8243; _module_preset=\u00bbdefault\u00bb text_font_size=\u00bb20px\u00bb min_height=\u00bb113.4px\u00bb custom_margin=\u00bb50px||||false|false\u00bb global_colors_info=\u00bb{}\u00bb]<\/p>\n<p style=\"text-align: center;\"><strong><a target=\"_blank\" href=\"https:\/\/www.bing.com\/ck\/a?!&amp;&amp;p=860d57238968621680f5d02909aaa84e3333b9720a233b02cd830d4499955170JmltdHM9MTczODE5NTIwMA&amp;ptn=3&amp;ver=2&amp;hsh=4&amp;fclid=07dedc65-f5da-6675-12f4-cf0cf4c867ea&amp;psq=empjie+telefono&amp;u=a1aHR0cHM6Ly9lbW9qaXRlcnJhLmNvbS9lcy90ZWxlZm9uby1lbW9qaS8&amp;ntb=1\" h=\"ID=SERP,5647.2\" rel=\"noopener\">\u260e\ufe0f<\/a>Tel\u00e9fonos<\/strong><\/p>\n<p style=\"text-align: center;\"><em><strong>Cabina:<\/strong><\/em>0962372730<br \/><strong><em>Ventas:<\/em><\/strong> 0992307091<\/p>\n<p>[\/et_pb_text][\/et_pb_column][\/et_pb_row][\/et_pb_section][et_pb_section fb_built=\u00bb1&#8243; _builder_version=\u00bb4.11.1&#8243; _module_preset=\u00bbdefault\u00bb min_height=\u00bb124.8px\u00bb custom_padding=\u00bb0px|||||\u00bb global_colors_info=\u00bb{}\u00bb][et_pb_row _builder_version=\u00bb4.11.1&#8243; _module_preset=\u00bbdefault\u00bb global_colors_info=\u00bb{}\u00bb][et_pb_column type=\u00bb4_4&#8243; _builder_version=\u00bb4.11.1&#8243; _module_preset=\u00bbdefault\u00bb global_colors_info=\u00bb{}\u00bb][et_pb_image src=\u00bbhttps:\/\/yacuradiofm.com\/portal\/wp-content\/uploads\/2025\/01\/wsp.png\u00bb title_text=\u00bbwsp\u00bb url=\u00bbhttps:\/\/api.whatsapp.com\/send?phone=+593992307091&#038;text=Saludos,%20Radio%20Yacu%20&#8243; url_new_window=\u00bbon\u00bb _builder_version=\u00bb4.11.1&#8243; _module_preset=\u00bbdefault\u00bb positioning=\u00bbfixed\u00bb position_origin_f=\u00bbbottom_right\u00bb vertical_offset=\u00bb109px\u00bb width=\u00bb9%\u00bb hover_enabled=\u00bb0&#8243; global_colors_info=\u00bb{}\u00bb sticky_enabled=\u00bb0&#8243;][\/et_pb_image][\/et_pb_column][\/et_pb_row][\/et_pb_section]<\/p>\n","protected":false},"excerpt":{"rendered":"<p>La mejor radio del pa\u00eds, YACU RADIO 98.9 FMEmpresa radial que hace compa\u00f1\u00eda a la familia ecuatoriana y el mundo con buena m\u00fasica las 24H00.\u00a1Sintoniza Yacu Radio 98.9 FM! La estaci\u00f3n que te llena de energ\u00eda con la mejor m\u00fasica, informaci\u00f3n actual y entretenimiento para todos. Descubre una programaci\u00f3n din\u00e1mica con entrevistas, noticias y los [&hellip;]<\/p>\n","protected":false},"author":1,"featured_media":0,"parent":0,"menu_order":0,"comment_status":"closed","ping_status":"closed","template":"","meta":{"_et_pb_use_builder":"on","_et_pb_old_content":"","_et_gb_content_width":"","footnotes":""},"class_list":["post-62","page","type-page","status-publish","hentry"],"_links":{"self":[{"href":"https:\/\/yacuradiofm.com\/portal\/wp-json\/wp\/v2\/pages\/62","targetHints":{"allow":["GET"]}}],"collection":[{"href":"https:\/\/yacuradiofm.com\/portal\/wp-json\/wp\/v2\/pages"}],"about":[{"href":"https:\/\/yacuradiofm.com\/portal\/wp-json\/wp\/v2\/types\/page"}],"author":[{"embeddable":true,"href":"https:\/\/yacuradiofm.com\/portal\/wp-json\/wp\/v2\/users\/1"}],"replies":[{"embeddable":true,"href":"https:\/\/yacuradiofm.com\/portal\/wp-json\/wp\/v2\/comments?post=62"}],"version-history":[{"count":132,"href":"https:\/\/yacuradiofm.com\/portal\/wp-json\/wp\/v2\/pages\/62\/revisions"}],"predecessor-version":[{"id":651,"href":"https:\/\/yacuradiofm.com\/portal\/wp-json\/wp\/v2\/pages\/62\/revisions\/651"}],"wp:attachment":[{"href":"https:\/\/yacuradiofm.com\/portal\/wp-json\/wp\/v2\/media?parent=62"}],"curies":[{"name":"wp","href":"https:\/\/api.w.org\/{rel}","templated":true}]}}